{"id":7659,"date":"2023-04-10T16:45:09","date_gmt":"2023-04-10T13:45:09","guid":{"rendered":"https:\/\/evamedical.ro\/servicii\/?post_type=product&#038;p=7659"},"modified":"2025-11-27T17:00:07","modified_gmt":"2025-11-27T15:00:07","slug":"pachet-analize-fertilitate-barbati","status":"publish","type":"product","link":"https:\/\/evamedical.ro\/servicii\/produs\/pachete-analize\/pachet-analize-fertilitate-barbati\/","title":{"rendered":"Pachet analize fertilitate b\u0103rba\u021bi"},"content":{"rendered":"\t\t<div data-elementor-type=\"wp-post\" data-elementor-id=\"7659\" class=\"elementor elementor-7659\" data-elementor-post-type=\"product\">\n\t\t\t\t\t\t<section class=\"has_eae_slider elementor-section elementor-top-section elementor-element elementor-element-6a081a9a elementor-section-full_width elementor-section-height-default elementor-section-height-default\" data-eae-slider=\"21765\" data-id=\"6a081a9a\" data-element_type=\"section\">\n\t\t\t\t\t\t<div class=\"elementor-container elementor-column-gap-no\">\n\t\t\t\t\t<div class=\"has_eae_slider elementor-column elementor-col-100 elementor-top-column elementor-element elementor-element-3a1288ae\" data-eae-slider=\"25328\" data-id=\"3a1288ae\" data-element_type=\"column\">\n\t\t\t<div class=\"elementor-widget-wrap elementor-element-populated\">\n\t\t\t\t\t\t<div class=\"elementor-element elementor-element-5e2dd81 elementor-widget elementor-widget-heading\" data-id=\"5e2dd81\" data-element_type=\"widget\" data-widget_type=\"heading.default\">\n\t\t\t\t<div class=\"elementor-widget-container\">\n\t\t\t\t\t<p class=\"elementor-heading-title elementor-size-default\">Ob\u021bine informa\u021bii cruciale despre s\u0103n\u0103tatea \u0219i fertilitatea ta masculin\u0103. Analizele din acest pachet \u00ee\u021bi ofer\u0103 o imagine clar\u0103 asupra parametrilor de fertilitate, ajut\u00e2ndu-te s\u0103-\u021bi planifici viitorul \u00eentr-un mod con\u0219tient.<\/p>\t\t\t\t<\/div>\n\t\t\t\t<\/div>\n\t\t\t\t<div class=\"elementor-element elementor-element-8f13f27 elementor-widget elementor-widget-image\" data-id=\"8f13f27\" data-element_type=\"widget\" data-widget_type=\"image.default\">\n\t\t\t\t<div class=\"elementor-widget-container\">\n\t\t\t\t\t\t\t\t\t\t\t\t\t\t\t<img loading=\"lazy\" loading=\"lazy\" decoding=\"async\" width=\"525\" height=\"405\" src=\"https:\/\/evamedical.ro\/servicii\/wp-content\/uploads\/2023\/04\/Pachet-analize-fertilitate-barbati.jpg\" class=\"attachment-full size-full wp-image-8767\" alt=\"\" srcset=\"https:\/\/evamedical.ro\/servicii\/wp-content\/uploads\/2023\/04\/Pachet-analize-fertilitate-barbati.jpg 525w, https:\/\/evamedical.ro\/servicii\/wp-content\/uploads\/2023\/04\/Pachet-analize-fertilitate-barbati-300x231.jpg 300w, https:\/\/evamedical.ro\/servicii\/wp-content\/uploads\/2023\/04\/Pachet-analize-fertilitate-barbati-1x1.jpg 1w, https:\/\/evamedical.ro\/servicii\/wp-content\/uploads\/2023\/04\/Pachet-analize-fertilitate-barbati-10x8.jpg 10w\" sizes=\"auto, (max-width: 525px) 100vw, 525px\" \/>\t\t\t\t\t\t\t\t\t\t\t\t\t\t\t<\/div>\n\t\t\t\t<\/div>\n\t\t\t\t\t<\/div>\n\t\t<\/div>\n\t\t\t\t\t<\/div>\n\t\t<\/section>\n\t\t\t\t<\/div>\n\t\t","protected":false},"excerpt":{"rendered":"<p>Ob\u021bine informa\u021bii cruciale despre s\u0103n\u0103tatea \u0219i fertilitatea ta masculin\u0103. Analizele din acest pachet \u00ee\u021bi ofer\u0103 o imagine&#8230;<\/p>\n","protected":false},"featured_media":7916,"template":"","meta":[],"etheme_brands":[],"product_brand":[],"product_cat":[221],"product_tag":[],"class_list":{"0":"post-7659","1":"product","2":"type-product","3":"status-publish","4":"has-post-thumbnail","6":"product_cat-pachete-analize","8":"first","9":"instock","10":"sold-individually","11":"purchasable","12":"product-type-simple"},"yoast_head":"<!-- This site is optimized with the Yoast SEO Premium plugin v18.9 (Yoast SEO v25.1) - https:\/\/yoast.com\/wordpress\/plugins\/seo\/ -->\n<title>Pachet analize fertilitate b\u0103rba\u021bi - EVA Medical<\/title>\n<meta name=\"robots\" content=\"index, follow, max-snippet:-1, max-image-preview:large, max-video-preview:-1\" \/>\n<link rel=\"canonical\" href=\"https:\/\/evamedical.ro\/servicii\/produs\/pachete-analize\/pachet-analize-fertilitate-barbati\/\" \/>\n<meta property=\"og:locale\" content=\"ro_RO\" \/>\n<meta property=\"og:type\" content=\"article\" \/>\n<meta property=\"og:title\" content=\"Pachet analize fertilitate b\u0103rba\u021bi\" \/>\n<meta property=\"og:description\" content=\"Ob\u021bine informa\u021bii cruciale despre s\u0103n\u0103tatea \u0219i fertilitatea ta masculin\u0103. Analizele din acest pachet \u00ee\u021bi ofer\u0103 o imagine...\" \/>\n<meta property=\"og:url\" content=\"https:\/\/evamedical.ro\/servicii\/produs\/pachete-analize\/pachet-analize-fertilitate-barbati\/\" \/>\n<meta property=\"og:site_name\" content=\"EVA Medical\" \/>\n<meta property=\"article:modified_time\" content=\"2025-11-27T15:00:07+00:00\" \/>\n<meta property=\"og:image\" content=\"https:\/\/evamedical.ro\/servicii\/wp-content\/uploads\/2023\/04\/set-analize-fertilitate-barbati.jpg\" \/>\n\t<meta property=\"og:image:width\" content=\"1080\" \/>\n\t<meta property=\"og:image:height\" content=\"1080\" \/>\n\t<meta property=\"og:image:type\" content=\"image\/jpeg\" \/>\n<meta name=\"twitter:card\" content=\"summary_large_image\" \/>\n<meta name=\"twitter:label1\" content=\"Timp estimat pentru citire\" \/>\n\t<meta name=\"twitter:data1\" content=\"1 minut\" \/>\n<script type=\"application\/ld+json\" class=\"yoast-schema-graph\">{\"@context\":\"https:\/\/schema.org\",\"@graph\":[{\"@type\":\"WebPage\",\"@id\":\"https:\/\/evamedical.ro\/servicii\/produs\/pachete-analize\/pachet-analize-fertilitate-barbati\/\",\"url\":\"https:\/\/evamedical.ro\/servicii\/produs\/pachete-analize\/pachet-analize-fertilitate-barbati\/\",\"name\":\"Pachet analize fertilitate b\u0103rba\u021bi - EVA Medical\",\"isPartOf\":{\"@id\":\"https:\/\/evamedical.ro\/servicii\/#website\"},\"primaryImageOfPage\":{\"@id\":\"https:\/\/evamedical.ro\/servicii\/produs\/pachete-analize\/pachet-analize-fertilitate-barbati\/#primaryimage\"},\"image\":{\"@id\":\"https:\/\/evamedical.ro\/servicii\/produs\/pachete-analize\/pachet-analize-fertilitate-barbati\/#primaryimage\"},\"thumbnailUrl\":\"https:\/\/evamedical.ro\/servicii\/wp-content\/uploads\/2023\/04\/set-analize-fertilitate-barbati.jpg\",\"datePublished\":\"2023-04-10T13:45:09+00:00\",\"dateModified\":\"2025-11-27T15:00:07+00:00\",\"breadcrumb\":{\"@id\":\"https:\/\/evamedical.ro\/servicii\/produs\/pachete-analize\/pachet-analize-fertilitate-barbati\/#breadcrumb\"},\"inLanguage\":\"ro-RO\",\"potentialAction\":[{\"@type\":\"ReadAction\",\"target\":[\"https:\/\/evamedical.ro\/servicii\/produs\/pachete-analize\/pachet-analize-fertilitate-barbati\/\"]}]},{\"@type\":\"ImageObject\",\"inLanguage\":\"ro-RO\",\"@id\":\"https:\/\/evamedical.ro\/servicii\/produs\/pachete-analize\/pachet-analize-fertilitate-barbati\/#primaryimage\",\"url\":\"https:\/\/evamedical.ro\/servicii\/wp-content\/uploads\/2023\/04\/set-analize-fertilitate-barbati.jpg\",\"contentUrl\":\"https:\/\/evamedical.ro\/servicii\/wp-content\/uploads\/2023\/04\/set-analize-fertilitate-barbati.jpg\",\"width\":1080,\"height\":1080},{\"@type\":\"BreadcrumbList\",\"@id\":\"https:\/\/evamedical.ro\/servicii\/produs\/pachete-analize\/pachet-analize-fertilitate-barbati\/#breadcrumb\",\"itemListElement\":[{\"@type\":\"ListItem\",\"position\":1,\"name\":\"Acas\u0103\",\"item\":\"https:\/\/evamedical.ro\/servicii\/\"},{\"@type\":\"ListItem\",\"position\":2,\"name\":\"Analize de Laborator\",\"item\":\"https:\/\/evamedical.ro\/servicii\/analize-de-laborator\/\"},{\"@type\":\"ListItem\",\"position\":3,\"name\":\"Pachet analize fertilitate b\u0103rba\u021bi\"}]},{\"@type\":\"WebSite\",\"@id\":\"https:\/\/evamedical.ro\/servicii\/#website\",\"url\":\"https:\/\/evamedical.ro\/servicii\/\",\"name\":\"EVA Medical\",\"description\":\"Clinica Medicala Bucuresti\",\"potentialAction\":[{\"@type\":\"SearchAction\",\"target\":{\"@type\":\"EntryPoint\",\"urlTemplate\":\"https:\/\/evamedical.ro\/servicii\/?s={search_term_string}\"},\"query-input\":{\"@type\":\"PropertyValueSpecification\",\"valueRequired\":true,\"valueName\":\"search_term_string\"}}],\"inLanguage\":\"ro-RO\"}]}<\/script>\n<!-- \/ Yoast SEO Premium plugin. -->","yoast_head_json":{"title":"Pachet analize fertilitate b\u0103rba\u021bi - EVA Medical","robots":{"index":"index","follow":"follow","max-snippet":"max-snippet:-1","max-image-preview":"max-image-preview:large","max-video-preview":"max-video-preview:-1"},"canonical":"https:\/\/evamedical.ro\/servicii\/produs\/pachete-analize\/pachet-analize-fertilitate-barbati\/","og_locale":"ro_RO","og_type":"article","og_title":"Pachet analize fertilitate b\u0103rba\u021bi","og_description":"Ob\u021bine informa\u021bii cruciale despre s\u0103n\u0103tatea \u0219i fertilitatea ta masculin\u0103. Analizele din acest pachet \u00ee\u021bi ofer\u0103 o imagine...","og_url":"https:\/\/evamedical.ro\/servicii\/produs\/pachete-analize\/pachet-analize-fertilitate-barbati\/","og_site_name":"EVA Medical","article_modified_time":"2025-11-27T15:00:07+00:00","og_image":[{"width":1080,"height":1080,"url":"https:\/\/evamedical.ro\/servicii\/wp-content\/uploads\/2023\/04\/set-analize-fertilitate-barbati.jpg","type":"image\/jpeg"}],"twitter_card":"summary_large_image","twitter_misc":{"Timp estimat pentru citire":"1 minut"},"schema":{"@context":"https:\/\/schema.org","@graph":[{"@type":"WebPage","@id":"https:\/\/evamedical.ro\/servicii\/produs\/pachete-analize\/pachet-analize-fertilitate-barbati\/","url":"https:\/\/evamedical.ro\/servicii\/produs\/pachete-analize\/pachet-analize-fertilitate-barbati\/","name":"Pachet analize fertilitate b\u0103rba\u021bi - EVA Medical","isPartOf":{"@id":"https:\/\/evamedical.ro\/servicii\/#website"},"primaryImageOfPage":{"@id":"https:\/\/evamedical.ro\/servicii\/produs\/pachete-analize\/pachet-analize-fertilitate-barbati\/#primaryimage"},"image":{"@id":"https:\/\/evamedical.ro\/servicii\/produs\/pachete-analize\/pachet-analize-fertilitate-barbati\/#primaryimage"},"thumbnailUrl":"https:\/\/evamedical.ro\/servicii\/wp-content\/uploads\/2023\/04\/set-analize-fertilitate-barbati.jpg","datePublished":"2023-04-10T13:45:09+00:00","dateModified":"2025-11-27T15:00:07+00:00","breadcrumb":{"@id":"https:\/\/evamedical.ro\/servicii\/produs\/pachete-analize\/pachet-analize-fertilitate-barbati\/#breadcrumb"},"inLanguage":"ro-RO","potentialAction":[{"@type":"ReadAction","target":["https:\/\/evamedical.ro\/servicii\/produs\/pachete-analize\/pachet-analize-fertilitate-barbati\/"]}]},{"@type":"ImageObject","inLanguage":"ro-RO","@id":"https:\/\/evamedical.ro\/servicii\/produs\/pachete-analize\/pachet-analize-fertilitate-barbati\/#primaryimage","url":"https:\/\/evamedical.ro\/servicii\/wp-content\/uploads\/2023\/04\/set-analize-fertilitate-barbati.jpg","contentUrl":"https:\/\/evamedical.ro\/servicii\/wp-content\/uploads\/2023\/04\/set-analize-fertilitate-barbati.jpg","width":1080,"height":1080},{"@type":"BreadcrumbList","@id":"https:\/\/evamedical.ro\/servicii\/produs\/pachete-analize\/pachet-analize-fertilitate-barbati\/#breadcrumb","itemListElement":[{"@type":"ListItem","position":1,"name":"Acas\u0103","item":"https:\/\/evamedical.ro\/servicii\/"},{"@type":"ListItem","position":2,"name":"Analize de Laborator","item":"https:\/\/evamedical.ro\/servicii\/analize-de-laborator\/"},{"@type":"ListItem","position":3,"name":"Pachet analize fertilitate b\u0103rba\u021bi"}]},{"@type":"WebSite","@id":"https:\/\/evamedical.ro\/servicii\/#website","url":"https:\/\/evamedical.ro\/servicii\/","name":"EVA Medical","description":"Clinica Medicala Bucuresti","potentialAction":[{"@type":"SearchAction","target":{"@type":"EntryPoint","urlTemplate":"https:\/\/evamedical.ro\/servicii\/?s={search_term_string}"},"query-input":{"@type":"PropertyValueSpecification","valueRequired":true,"valueName":"search_term_string"}}],"inLanguage":"ro-RO"}]}},"_links":{"self":[{"href":"https:\/\/evamedical.ro\/servicii\/wp-json\/wp\/v2\/product\/7659","targetHints":{"allow":["GET"]}}],"collection":[{"href":"https:\/\/evamedical.ro\/servicii\/wp-json\/wp\/v2\/product"}],"about":[{"href":"https:\/\/evamedical.ro\/servicii\/wp-json\/wp\/v2\/types\/product"}],"version-history":[{"count":1,"href":"https:\/\/evamedical.ro\/servicii\/wp-json\/wp\/v2\/product\/7659\/revisions"}],"predecessor-version":[{"id":9518,"href":"https:\/\/evamedical.ro\/servicii\/wp-json\/wp\/v2\/product\/7659\/revisions\/9518"}],"wp:featuredmedia":[{"embeddable":true,"href":"https:\/\/evamedical.ro\/servicii\/wp-json\/wp\/v2\/media\/7916"}],"wp:attachment":[{"href":"https:\/\/evamedical.ro\/servicii\/wp-json\/wp\/v2\/media?parent=7659"}],"wp:term":[{"taxonomy":"brand","embeddable":true,"href":"https:\/\/evamedical.ro\/servicii\/wp-json\/wp\/v2\/etheme_brands?post=7659"},{"taxonomy":"product_brand","embeddable":true,"href":"https:\/\/evamedical.ro\/servicii\/wp-json\/wp\/v2\/product_brand?post=7659"},{"taxonomy":"product_cat","embeddable":true,"href":"https:\/\/evamedical.ro\/servicii\/wp-json\/wp\/v2\/product_cat?post=7659"},{"taxonomy":"product_tag","embeddable":true,"href":"https:\/\/evamedical.ro\/servicii\/wp-json\/wp\/v2\/product_tag?post=7659"}],"curies":[{"name":"wp","href":"https:\/\/api.w.org\/{rel}","templated":true}]}}