{"id":7152,"date":"2023-03-27T08:01:00","date_gmt":"2023-03-27T05:01:00","guid":{"rendered":"https:\/\/evamedical.ro\/servicii\/?post_type=product&#038;p=7152"},"modified":"2025-11-27T17:00:26","modified_gmt":"2025-11-27T15:00:26","slug":"pachet-analize-boala-sarutului","status":"publish","type":"product","link":"https:\/\/evamedical.ro\/servicii\/produs\/pachete-analize\/pachet-analize-boala-sarutului\/","title":{"rendered":"Pachet analize boala s\u0103rutului"},"content":{"rendered":"\t\t<div data-elementor-type=\"wp-post\" data-elementor-id=\"7152\" class=\"elementor elementor-7152\" data-elementor-post-type=\"product\">\n\t\t\t\t\t\t<section class=\"has_eae_slider elementor-section elementor-top-section elementor-element elementor-element-9bd7997 elementor-section-boxed elementor-section-height-default elementor-section-height-default\" data-eae-slider=\"32157\" data-id=\"9bd7997\" data-element_type=\"section\">\n\t\t\t\t\t\t<div class=\"elementor-container elementor-column-gap-no\">\n\t\t\t\t\t<div class=\"has_eae_slider elementor-column elementor-col-100 elementor-top-column elementor-element elementor-element-2a128d32\" data-eae-slider=\"9571\" data-id=\"2a128d32\" data-element_type=\"column\">\n\t\t\t<div class=\"elementor-widget-wrap elementor-element-populated\">\n\t\t\t\t\t\t<div class=\"elementor-element elementor-element-ae6c9c2 elementor-widget elementor-widget-heading\" data-id=\"ae6c9c2\" data-element_type=\"widget\" data-widget_type=\"heading.default\">\n\t\t\t\t<div class=\"elementor-widget-container\">\n\t\t\t\t\t<p class=\"elementor-heading-title elementor-size-default\">Protejeaz\u0103-te \u0219i afl\u0103 informa\u021bii esen\u021biale despre boala s\u0103rutului. Analizele incluse \u00een acest pachet te ajut\u0103 s\u0103 identifici rapid \u0219i eficient infec\u021bia \u0219i s\u0103 iei m\u0103surile necesare pentru tratarea \u0219i controlul acesteia.<\/p>\t\t\t\t<\/div>\n\t\t\t\t<\/div>\n\t\t\t\t<div class=\"elementor-element elementor-element-4eed370 elementor-widget elementor-widget-image\" data-id=\"4eed370\" data-element_type=\"widget\" data-widget_type=\"image.default\">\n\t\t\t\t<div class=\"elementor-widget-container\">\n\t\t\t\t\t\t\t\t\t\t\t\t\t\t\t<img loading=\"lazy\" loading=\"lazy\" decoding=\"async\" width=\"522\" height=\"119\" src=\"https:\/\/evamedical.ro\/servicii\/wp-content\/uploads\/2023\/03\/Pachet-analize-boala-sarutului.jpg\" class=\"attachment-full size-full wp-image-8713\" alt=\"\" srcset=\"https:\/\/evamedical.ro\/servicii\/wp-content\/uploads\/2023\/03\/Pachet-analize-boala-sarutului.jpg 522w, https:\/\/evamedical.ro\/servicii\/wp-content\/uploads\/2023\/03\/Pachet-analize-boala-sarutului-300x68.jpg 300w, https:\/\/evamedical.ro\/servicii\/wp-content\/uploads\/2023\/03\/Pachet-analize-boala-sarutului-1x1.jpg 1w, https:\/\/evamedical.ro\/servicii\/wp-content\/uploads\/2023\/03\/Pachet-analize-boala-sarutului-10x2.jpg 10w\" sizes=\"auto, (max-width: 522px) 100vw, 522px\" \/>\t\t\t\t\t\t\t\t\t\t\t\t\t\t\t<\/div>\n\t\t\t\t<\/div>\n\t\t\t\t\t<\/div>\n\t\t<\/div>\n\t\t\t\t\t<\/div>\n\t\t<\/section>\n\t\t\t\t<\/div>\n\t\t","protected":false},"excerpt":{"rendered":"<p>Protejeaz\u0103-te \u0219i afl\u0103 informa\u021bii esen\u021biale despre boala s\u0103rutului. Analizele incluse \u00een acest pachet te ajut\u0103 s\u0103 identifici&#8230;<\/p>\n","protected":false},"featured_media":7907,"template":"","meta":[],"etheme_brands":[],"product_brand":[],"product_cat":[221],"product_tag":[],"class_list":{"0":"post-7152","1":"product","2":"type-product","3":"status-publish","4":"has-post-thumbnail","6":"product_cat-pachete-analize","8":"first","9":"instock","10":"sold-individually","11":"shipping-taxable","12":"purchasable","13":"product-type-simple"},"yoast_head":"<!-- This site is optimized with the Yoast SEO Premium plugin v18.9 (Yoast SEO v25.1) - https:\/\/yoast.com\/wordpress\/plugins\/seo\/ -->\n<title>Pachet analize boala s\u0103rutului - EVA Medical<\/title>\n<meta name=\"robots\" content=\"index, follow, max-snippet:-1, max-image-preview:large, max-video-preview:-1\" \/>\n<link rel=\"canonical\" href=\"https:\/\/evamedical.ro\/servicii\/produs\/pachete-analize\/pachet-analize-boala-sarutului\/\" \/>\n<meta property=\"og:locale\" content=\"ro_RO\" \/>\n<meta property=\"og:type\" content=\"article\" \/>\n<meta property=\"og:title\" content=\"Pachet analize boala s\u0103rutului\" \/>\n<meta property=\"og:description\" content=\"Protejeaz\u0103-te \u0219i afl\u0103 informa\u021bii esen\u021biale despre boala s\u0103rutului. Analizele incluse \u00een acest pachet te ajut\u0103 s\u0103 identifici...\" \/>\n<meta property=\"og:url\" content=\"https:\/\/evamedical.ro\/servicii\/produs\/pachete-analize\/pachet-analize-boala-sarutului\/\" \/>\n<meta property=\"og:site_name\" content=\"EVA Medical\" \/>\n<meta property=\"article:modified_time\" content=\"2025-11-27T15:00:26+00:00\" \/>\n<meta property=\"og:image\" content=\"https:\/\/evamedical.ro\/servicii\/wp-content\/uploads\/2023\/04\/set-analize-boala-sarutului.jpg\" \/>\n\t<meta property=\"og:image:width\" content=\"1080\" \/>\n\t<meta property=\"og:image:height\" content=\"1080\" \/>\n\t<meta property=\"og:image:type\" content=\"image\/jpeg\" \/>\n<meta name=\"twitter:card\" content=\"summary_large_image\" \/>\n<meta name=\"twitter:label1\" content=\"Timp estimat pentru citire\" \/>\n\t<meta name=\"twitter:data1\" content=\"1 minut\" \/>\n<script type=\"application\/ld+json\" class=\"yoast-schema-graph\">{\"@context\":\"https:\/\/schema.org\",\"@graph\":[{\"@type\":\"WebPage\",\"@id\":\"https:\/\/evamedical.ro\/servicii\/produs\/pachete-analize\/pachet-analize-boala-sarutului\/\",\"url\":\"https:\/\/evamedical.ro\/servicii\/produs\/pachete-analize\/pachet-analize-boala-sarutului\/\",\"name\":\"Pachet analize boala s\u0103rutului - EVA Medical\",\"isPartOf\":{\"@id\":\"https:\/\/evamedical.ro\/servicii\/#website\"},\"primaryImageOfPage\":{\"@id\":\"https:\/\/evamedical.ro\/servicii\/produs\/pachete-analize\/pachet-analize-boala-sarutului\/#primaryimage\"},\"image\":{\"@id\":\"https:\/\/evamedical.ro\/servicii\/produs\/pachete-analize\/pachet-analize-boala-sarutului\/#primaryimage\"},\"thumbnailUrl\":\"https:\/\/evamedical.ro\/servicii\/wp-content\/uploads\/2023\/04\/set-analize-boala-sarutului.jpg\",\"datePublished\":\"2023-03-27T05:01:00+00:00\",\"dateModified\":\"2025-11-27T15:00:26+00:00\",\"breadcrumb\":{\"@id\":\"https:\/\/evamedical.ro\/servicii\/produs\/pachete-analize\/pachet-analize-boala-sarutului\/#breadcrumb\"},\"inLanguage\":\"ro-RO\",\"potentialAction\":[{\"@type\":\"ReadAction\",\"target\":[\"https:\/\/evamedical.ro\/servicii\/produs\/pachete-analize\/pachet-analize-boala-sarutului\/\"]}]},{\"@type\":\"ImageObject\",\"inLanguage\":\"ro-RO\",\"@id\":\"https:\/\/evamedical.ro\/servicii\/produs\/pachete-analize\/pachet-analize-boala-sarutului\/#primaryimage\",\"url\":\"https:\/\/evamedical.ro\/servicii\/wp-content\/uploads\/2023\/04\/set-analize-boala-sarutului.jpg\",\"contentUrl\":\"https:\/\/evamedical.ro\/servicii\/wp-content\/uploads\/2023\/04\/set-analize-boala-sarutului.jpg\",\"width\":1080,\"height\":1080},{\"@type\":\"BreadcrumbList\",\"@id\":\"https:\/\/evamedical.ro\/servicii\/produs\/pachete-analize\/pachet-analize-boala-sarutului\/#breadcrumb\",\"itemListElement\":[{\"@type\":\"ListItem\",\"position\":1,\"name\":\"Acas\u0103\",\"item\":\"https:\/\/evamedical.ro\/servicii\/\"},{\"@type\":\"ListItem\",\"position\":2,\"name\":\"Analize de Laborator\",\"item\":\"https:\/\/evamedical.ro\/servicii\/analize-de-laborator\/\"},{\"@type\":\"ListItem\",\"position\":3,\"name\":\"Pachet analize boala s\u0103rutului\"}]},{\"@type\":\"WebSite\",\"@id\":\"https:\/\/evamedical.ro\/servicii\/#website\",\"url\":\"https:\/\/evamedical.ro\/servicii\/\",\"name\":\"EVA Medical\",\"description\":\"Clinica Medicala Bucuresti\",\"potentialAction\":[{\"@type\":\"SearchAction\",\"target\":{\"@type\":\"EntryPoint\",\"urlTemplate\":\"https:\/\/evamedical.ro\/servicii\/?s={search_term_string}\"},\"query-input\":{\"@type\":\"PropertyValueSpecification\",\"valueRequired\":true,\"valueName\":\"search_term_string\"}}],\"inLanguage\":\"ro-RO\"}]}<\/script>\n<!-- \/ Yoast SEO Premium plugin. -->","yoast_head_json":{"title":"Pachet analize boala s\u0103rutului - EVA Medical","robots":{"index":"index","follow":"follow","max-snippet":"max-snippet:-1","max-image-preview":"max-image-preview:large","max-video-preview":"max-video-preview:-1"},"canonical":"https:\/\/evamedical.ro\/servicii\/produs\/pachete-analize\/pachet-analize-boala-sarutului\/","og_locale":"ro_RO","og_type":"article","og_title":"Pachet analize boala s\u0103rutului","og_description":"Protejeaz\u0103-te \u0219i afl\u0103 informa\u021bii esen\u021biale despre boala s\u0103rutului. Analizele incluse \u00een acest pachet te ajut\u0103 s\u0103 identifici...","og_url":"https:\/\/evamedical.ro\/servicii\/produs\/pachete-analize\/pachet-analize-boala-sarutului\/","og_site_name":"EVA Medical","article_modified_time":"2025-11-27T15:00:26+00:00","og_image":[{"width":1080,"height":1080,"url":"https:\/\/evamedical.ro\/servicii\/wp-content\/uploads\/2023\/04\/set-analize-boala-sarutului.jpg","type":"image\/jpeg"}],"twitter_card":"summary_large_image","twitter_misc":{"Timp estimat pentru citire":"1 minut"},"schema":{"@context":"https:\/\/schema.org","@graph":[{"@type":"WebPage","@id":"https:\/\/evamedical.ro\/servicii\/produs\/pachete-analize\/pachet-analize-boala-sarutului\/","url":"https:\/\/evamedical.ro\/servicii\/produs\/pachete-analize\/pachet-analize-boala-sarutului\/","name":"Pachet analize boala s\u0103rutului - EVA Medical","isPartOf":{"@id":"https:\/\/evamedical.ro\/servicii\/#website"},"primaryImageOfPage":{"@id":"https:\/\/evamedical.ro\/servicii\/produs\/pachete-analize\/pachet-analize-boala-sarutului\/#primaryimage"},"image":{"@id":"https:\/\/evamedical.ro\/servicii\/produs\/pachete-analize\/pachet-analize-boala-sarutului\/#primaryimage"},"thumbnailUrl":"https:\/\/evamedical.ro\/servicii\/wp-content\/uploads\/2023\/04\/set-analize-boala-sarutului.jpg","datePublished":"2023-03-27T05:01:00+00:00","dateModified":"2025-11-27T15:00:26+00:00","breadcrumb":{"@id":"https:\/\/evamedical.ro\/servicii\/produs\/pachete-analize\/pachet-analize-boala-sarutului\/#breadcrumb"},"inLanguage":"ro-RO","potentialAction":[{"@type":"ReadAction","target":["https:\/\/evamedical.ro\/servicii\/produs\/pachete-analize\/pachet-analize-boala-sarutului\/"]}]},{"@type":"ImageObject","inLanguage":"ro-RO","@id":"https:\/\/evamedical.ro\/servicii\/produs\/pachete-analize\/pachet-analize-boala-sarutului\/#primaryimage","url":"https:\/\/evamedical.ro\/servicii\/wp-content\/uploads\/2023\/04\/set-analize-boala-sarutului.jpg","contentUrl":"https:\/\/evamedical.ro\/servicii\/wp-content\/uploads\/2023\/04\/set-analize-boala-sarutului.jpg","width":1080,"height":1080},{"@type":"BreadcrumbList","@id":"https:\/\/evamedical.ro\/servicii\/produs\/pachete-analize\/pachet-analize-boala-sarutului\/#breadcrumb","itemListElement":[{"@type":"ListItem","position":1,"name":"Acas\u0103","item":"https:\/\/evamedical.ro\/servicii\/"},{"@type":"ListItem","position":2,"name":"Analize de Laborator","item":"https:\/\/evamedical.ro\/servicii\/analize-de-laborator\/"},{"@type":"ListItem","position":3,"name":"Pachet analize boala s\u0103rutului"}]},{"@type":"WebSite","@id":"https:\/\/evamedical.ro\/servicii\/#website","url":"https:\/\/evamedical.ro\/servicii\/","name":"EVA Medical","description":"Clinica Medicala Bucuresti","potentialAction":[{"@type":"SearchAction","target":{"@type":"EntryPoint","urlTemplate":"https:\/\/evamedical.ro\/servicii\/?s={search_term_string}"},"query-input":{"@type":"PropertyValueSpecification","valueRequired":true,"valueName":"search_term_string"}}],"inLanguage":"ro-RO"}]}},"_links":{"self":[{"href":"https:\/\/evamedical.ro\/servicii\/wp-json\/wp\/v2\/product\/7152","targetHints":{"allow":["GET"]}}],"collection":[{"href":"https:\/\/evamedical.ro\/servicii\/wp-json\/wp\/v2\/product"}],"about":[{"href":"https:\/\/evamedical.ro\/servicii\/wp-json\/wp\/v2\/types\/product"}],"version-history":[{"count":1,"href":"https:\/\/evamedical.ro\/servicii\/wp-json\/wp\/v2\/product\/7152\/revisions"}],"predecessor-version":[{"id":9531,"href":"https:\/\/evamedical.ro\/servicii\/wp-json\/wp\/v2\/product\/7152\/revisions\/9531"}],"wp:featuredmedia":[{"embeddable":true,"href":"https:\/\/evamedical.ro\/servicii\/wp-json\/wp\/v2\/media\/7907"}],"wp:attachment":[{"href":"https:\/\/evamedical.ro\/servicii\/wp-json\/wp\/v2\/media?parent=7152"}],"wp:term":[{"taxonomy":"brand","embeddable":true,"href":"https:\/\/evamedical.ro\/servicii\/wp-json\/wp\/v2\/etheme_brands?post=7152"},{"taxonomy":"product_brand","embeddable":true,"href":"https:\/\/evamedical.ro\/servicii\/wp-json\/wp\/v2\/product_brand?post=7152"},{"taxonomy":"product_cat","embeddable":true,"href":"https:\/\/evamedical.ro\/servicii\/wp-json\/wp\/v2\/product_cat?post=7152"},{"taxonomy":"product_tag","embeddable":true,"href":"https:\/\/evamedical.ro\/servicii\/wp-json\/wp\/v2\/product_tag?post=7152"}],"curies":[{"name":"wp","href":"https:\/\/api.w.org\/{rel}","templated":true}]}}