{"id":7084,"date":"2023-03-27T06:48:08","date_gmt":"2023-03-27T03:48:08","guid":{"rendered":"https:\/\/evamedical.ro\/servicii\/?post_type=product&#038;p=7084"},"modified":"2025-11-27T17:00:50","modified_gmt":"2025-11-27T15:00:50","slug":"pachet-analize-boli-cu-transmitere-sexuala-femei","status":"publish","type":"product","link":"https:\/\/evamedical.ro\/servicii\/produs\/pachete-analize\/pachet-analize-boli-cu-transmitere-sexuala-femei\/","title":{"rendered":"Pachet analize boli cu transmitere sexual\u0103 femei"},"content":{"rendered":"\t\t<div data-elementor-type=\"wp-post\" data-elementor-id=\"7084\" class=\"elementor elementor-7084\" data-elementor-post-type=\"product\">\n\t\t\t\t\t\t<section class=\"has_eae_slider elementor-section elementor-top-section elementor-element elementor-element-5140c1fe elementor-section-boxed elementor-section-height-default elementor-section-height-default\" data-eae-slider=\"15646\" data-id=\"5140c1fe\" data-element_type=\"section\">\n\t\t\t\t\t\t<div class=\"elementor-container elementor-column-gap-no\">\n\t\t\t\t\t<div class=\"has_eae_slider elementor-column elementor-col-100 elementor-top-column elementor-element elementor-element-5539ef6b\" data-eae-slider=\"42375\" data-id=\"5539ef6b\" data-element_type=\"column\">\n\t\t\t<div class=\"elementor-widget-wrap elementor-element-populated\">\n\t\t\t\t\t\t<div class=\"elementor-element elementor-element-7fbac37 elementor-widget elementor-widget-heading\" data-id=\"7fbac37\" data-element_type=\"widget\" data-widget_type=\"heading.default\">\n\t\t\t\t<div class=\"elementor-widget-container\">\n\t\t\t\t\t<p class=\"elementor-heading-title elementor-size-default\">Protejeaz\u0103-\u021bi s\u0103n\u0103tatea intim\u0103 cu ajutorul acestui pachet de analize menit s\u0103 depisteze \u0219i s\u0103 monitorizeze boli cu transmitere sexual\u0103 specifice femeilor, asigur\u00e2ndu-\u021bi astfel o via\u021b\u0103 sexual\u0103 s\u0103n\u0103toas\u0103 \u0219i echilibrat\u0103.<\/p>\t\t\t\t<\/div>\n\t\t\t\t<\/div>\n\t\t\t\t<div class=\"elementor-element elementor-element-9ef74ec elementor-widget elementor-widget-image\" data-id=\"9ef74ec\" data-element_type=\"widget\" data-widget_type=\"image.default\">\n\t\t\t\t<div class=\"elementor-widget-container\">\n\t\t\t\t\t\t\t\t\t\t\t\t\t\t\t<img loading=\"lazy\" loading=\"lazy\" decoding=\"async\" width=\"538\" height=\"350\" src=\"https:\/\/evamedical.ro\/servicii\/wp-content\/uploads\/2023\/03\/Pachet-analize-boli-cu-transmitere-sexuala-femei.jpg\" class=\"attachment-large size-large wp-image-8723\" alt=\"\" srcset=\"https:\/\/evamedical.ro\/servicii\/wp-content\/uploads\/2023\/03\/Pachet-analize-boli-cu-transmitere-sexuala-femei.jpg 538w, https:\/\/evamedical.ro\/servicii\/wp-content\/uploads\/2023\/03\/Pachet-analize-boli-cu-transmitere-sexuala-femei-300x195.jpg 300w, https:\/\/evamedical.ro\/servicii\/wp-content\/uploads\/2023\/03\/Pachet-analize-boli-cu-transmitere-sexuala-femei-1x1.jpg 1w, https:\/\/evamedical.ro\/servicii\/wp-content\/uploads\/2023\/03\/Pachet-analize-boli-cu-transmitere-sexuala-femei-10x7.jpg 10w\" sizes=\"auto, (max-width: 538px) 100vw, 538px\" \/>\t\t\t\t\t\t\t\t\t\t\t\t\t\t\t<\/div>\n\t\t\t\t<\/div>\n\t\t\t\t\t<\/div>\n\t\t<\/div>\n\t\t\t\t\t<\/div>\n\t\t<\/section>\n\t\t\t\t<\/div>\n\t\t","protected":false},"excerpt":{"rendered":"<p>Protejeaz\u0103-\u021bi s\u0103n\u0103tatea intim\u0103 cu ajutorul acestui pachet de analize menit s\u0103 depisteze \u0219i s\u0103 monitorizeze boli cu&#8230;<\/p>\n","protected":false},"featured_media":7913,"template":"","meta":[],"etheme_brands":[],"product_brand":[],"product_cat":[221],"product_tag":[],"class_list":{"0":"post-7084","1":"product","2":"type-product","3":"status-publish","4":"has-post-thumbnail","6":"product_cat-pachete-analize","8":"first","9":"instock","10":"sold-individually","11":"shipping-taxable","12":"purchasable","13":"product-type-simple"},"yoast_head":"<!-- This site is optimized with the Yoast SEO Premium plugin v18.9 (Yoast SEO v25.1) - https:\/\/yoast.com\/wordpress\/plugins\/seo\/ -->\n<title>Pachet analize boli cu transmitere sexual\u0103 femei - EVA Medical<\/title>\n<meta name=\"robots\" content=\"index, follow, max-snippet:-1, max-image-preview:large, max-video-preview:-1\" \/>\n<link rel=\"canonical\" href=\"https:\/\/evamedical.ro\/servicii\/produs\/pachete-analize\/pachet-analize-boli-cu-transmitere-sexuala-femei\/\" \/>\n<meta property=\"og:locale\" content=\"ro_RO\" \/>\n<meta property=\"og:type\" content=\"article\" \/>\n<meta property=\"og:title\" content=\"Pachet analize boli cu transmitere sexual\u0103 femei\" \/>\n<meta property=\"og:description\" content=\"Protejeaz\u0103-\u021bi s\u0103n\u0103tatea intim\u0103 cu ajutorul acestui pachet de analize menit s\u0103 depisteze \u0219i s\u0103 monitorizeze boli cu...\" \/>\n<meta property=\"og:url\" content=\"https:\/\/evamedical.ro\/servicii\/produs\/pachete-analize\/pachet-analize-boli-cu-transmitere-sexuala-femei\/\" \/>\n<meta property=\"og:site_name\" content=\"EVA Medical\" \/>\n<meta property=\"article:modified_time\" content=\"2025-11-27T15:00:50+00:00\" \/>\n<meta property=\"og:image\" content=\"https:\/\/evamedical.ro\/servicii\/wp-content\/uploads\/2023\/04\/set-analize-bts-femei.jpg\" \/>\n\t<meta property=\"og:image:width\" content=\"1080\" \/>\n\t<meta property=\"og:image:height\" content=\"1080\" \/>\n\t<meta property=\"og:image:type\" content=\"image\/jpeg\" \/>\n<meta name=\"twitter:card\" content=\"summary_large_image\" \/>\n<meta name=\"twitter:label1\" content=\"Timp estimat pentru citire\" \/>\n\t<meta name=\"twitter:data1\" content=\"1 minut\" \/>\n<script type=\"application\/ld+json\" class=\"yoast-schema-graph\">{\"@context\":\"https:\/\/schema.org\",\"@graph\":[{\"@type\":\"WebPage\",\"@id\":\"https:\/\/evamedical.ro\/servicii\/produs\/pachete-analize\/pachet-analize-boli-cu-transmitere-sexuala-femei\/\",\"url\":\"https:\/\/evamedical.ro\/servicii\/produs\/pachete-analize\/pachet-analize-boli-cu-transmitere-sexuala-femei\/\",\"name\":\"Pachet analize boli cu transmitere sexual\u0103 femei - EVA Medical\",\"isPartOf\":{\"@id\":\"https:\/\/evamedical.ro\/servicii\/#website\"},\"primaryImageOfPage\":{\"@id\":\"https:\/\/evamedical.ro\/servicii\/produs\/pachete-analize\/pachet-analize-boli-cu-transmitere-sexuala-femei\/#primaryimage\"},\"image\":{\"@id\":\"https:\/\/evamedical.ro\/servicii\/produs\/pachete-analize\/pachet-analize-boli-cu-transmitere-sexuala-femei\/#primaryimage\"},\"thumbnailUrl\":\"https:\/\/evamedical.ro\/servicii\/wp-content\/uploads\/2023\/04\/set-analize-bts-femei.jpg\",\"datePublished\":\"2023-03-27T03:48:08+00:00\",\"dateModified\":\"2025-11-27T15:00:50+00:00\",\"breadcrumb\":{\"@id\":\"https:\/\/evamedical.ro\/servicii\/produs\/pachete-analize\/pachet-analize-boli-cu-transmitere-sexuala-femei\/#breadcrumb\"},\"inLanguage\":\"ro-RO\",\"potentialAction\":[{\"@type\":\"ReadAction\",\"target\":[\"https:\/\/evamedical.ro\/servicii\/produs\/pachete-analize\/pachet-analize-boli-cu-transmitere-sexuala-femei\/\"]}]},{\"@type\":\"ImageObject\",\"inLanguage\":\"ro-RO\",\"@id\":\"https:\/\/evamedical.ro\/servicii\/produs\/pachete-analize\/pachet-analize-boli-cu-transmitere-sexuala-femei\/#primaryimage\",\"url\":\"https:\/\/evamedical.ro\/servicii\/wp-content\/uploads\/2023\/04\/set-analize-bts-femei.jpg\",\"contentUrl\":\"https:\/\/evamedical.ro\/servicii\/wp-content\/uploads\/2023\/04\/set-analize-bts-femei.jpg\",\"width\":1080,\"height\":1080},{\"@type\":\"BreadcrumbList\",\"@id\":\"https:\/\/evamedical.ro\/servicii\/produs\/pachete-analize\/pachet-analize-boli-cu-transmitere-sexuala-femei\/#breadcrumb\",\"itemListElement\":[{\"@type\":\"ListItem\",\"position\":1,\"name\":\"Acas\u0103\",\"item\":\"https:\/\/evamedical.ro\/servicii\/\"},{\"@type\":\"ListItem\",\"position\":2,\"name\":\"Analize de Laborator\",\"item\":\"https:\/\/evamedical.ro\/servicii\/analize-de-laborator\/\"},{\"@type\":\"ListItem\",\"position\":3,\"name\":\"Pachet analize boli cu transmitere sexual\u0103 femei\"}]},{\"@type\":\"WebSite\",\"@id\":\"https:\/\/evamedical.ro\/servicii\/#website\",\"url\":\"https:\/\/evamedical.ro\/servicii\/\",\"name\":\"EVA Medical\",\"description\":\"Clinica Medicala Bucuresti\",\"potentialAction\":[{\"@type\":\"SearchAction\",\"target\":{\"@type\":\"EntryPoint\",\"urlTemplate\":\"https:\/\/evamedical.ro\/servicii\/?s={search_term_string}\"},\"query-input\":{\"@type\":\"PropertyValueSpecification\",\"valueRequired\":true,\"valueName\":\"search_term_string\"}}],\"inLanguage\":\"ro-RO\"}]}<\/script>\n<!-- \/ Yoast SEO Premium plugin. -->","yoast_head_json":{"title":"Pachet analize boli cu transmitere sexual\u0103 femei - EVA Medical","robots":{"index":"index","follow":"follow","max-snippet":"max-snippet:-1","max-image-preview":"max-image-preview:large","max-video-preview":"max-video-preview:-1"},"canonical":"https:\/\/evamedical.ro\/servicii\/produs\/pachete-analize\/pachet-analize-boli-cu-transmitere-sexuala-femei\/","og_locale":"ro_RO","og_type":"article","og_title":"Pachet analize boli cu transmitere sexual\u0103 femei","og_description":"Protejeaz\u0103-\u021bi s\u0103n\u0103tatea intim\u0103 cu ajutorul acestui pachet de analize menit s\u0103 depisteze \u0219i s\u0103 monitorizeze boli cu...","og_url":"https:\/\/evamedical.ro\/servicii\/produs\/pachete-analize\/pachet-analize-boli-cu-transmitere-sexuala-femei\/","og_site_name":"EVA Medical","article_modified_time":"2025-11-27T15:00:50+00:00","og_image":[{"width":1080,"height":1080,"url":"https:\/\/evamedical.ro\/servicii\/wp-content\/uploads\/2023\/04\/set-analize-bts-femei.jpg","type":"image\/jpeg"}],"twitter_card":"summary_large_image","twitter_misc":{"Timp estimat pentru citire":"1 minut"},"schema":{"@context":"https:\/\/schema.org","@graph":[{"@type":"WebPage","@id":"https:\/\/evamedical.ro\/servicii\/produs\/pachete-analize\/pachet-analize-boli-cu-transmitere-sexuala-femei\/","url":"https:\/\/evamedical.ro\/servicii\/produs\/pachete-analize\/pachet-analize-boli-cu-transmitere-sexuala-femei\/","name":"Pachet analize boli cu transmitere sexual\u0103 femei - EVA Medical","isPartOf":{"@id":"https:\/\/evamedical.ro\/servicii\/#website"},"primaryImageOfPage":{"@id":"https:\/\/evamedical.ro\/servicii\/produs\/pachete-analize\/pachet-analize-boli-cu-transmitere-sexuala-femei\/#primaryimage"},"image":{"@id":"https:\/\/evamedical.ro\/servicii\/produs\/pachete-analize\/pachet-analize-boli-cu-transmitere-sexuala-femei\/#primaryimage"},"thumbnailUrl":"https:\/\/evamedical.ro\/servicii\/wp-content\/uploads\/2023\/04\/set-analize-bts-femei.jpg","datePublished":"2023-03-27T03:48:08+00:00","dateModified":"2025-11-27T15:00:50+00:00","breadcrumb":{"@id":"https:\/\/evamedical.ro\/servicii\/produs\/pachete-analize\/pachet-analize-boli-cu-transmitere-sexuala-femei\/#breadcrumb"},"inLanguage":"ro-RO","potentialAction":[{"@type":"ReadAction","target":["https:\/\/evamedical.ro\/servicii\/produs\/pachete-analize\/pachet-analize-boli-cu-transmitere-sexuala-femei\/"]}]},{"@type":"ImageObject","inLanguage":"ro-RO","@id":"https:\/\/evamedical.ro\/servicii\/produs\/pachete-analize\/pachet-analize-boli-cu-transmitere-sexuala-femei\/#primaryimage","url":"https:\/\/evamedical.ro\/servicii\/wp-content\/uploads\/2023\/04\/set-analize-bts-femei.jpg","contentUrl":"https:\/\/evamedical.ro\/servicii\/wp-content\/uploads\/2023\/04\/set-analize-bts-femei.jpg","width":1080,"height":1080},{"@type":"BreadcrumbList","@id":"https:\/\/evamedical.ro\/servicii\/produs\/pachete-analize\/pachet-analize-boli-cu-transmitere-sexuala-femei\/#breadcrumb","itemListElement":[{"@type":"ListItem","position":1,"name":"Acas\u0103","item":"https:\/\/evamedical.ro\/servicii\/"},{"@type":"ListItem","position":2,"name":"Analize de Laborator","item":"https:\/\/evamedical.ro\/servicii\/analize-de-laborator\/"},{"@type":"ListItem","position":3,"name":"Pachet analize boli cu transmitere sexual\u0103 femei"}]},{"@type":"WebSite","@id":"https:\/\/evamedical.ro\/servicii\/#website","url":"https:\/\/evamedical.ro\/servicii\/","name":"EVA Medical","description":"Clinica Medicala Bucuresti","potentialAction":[{"@type":"SearchAction","target":{"@type":"EntryPoint","urlTemplate":"https:\/\/evamedical.ro\/servicii\/?s={search_term_string}"},"query-input":{"@type":"PropertyValueSpecification","valueRequired":true,"valueName":"search_term_string"}}],"inLanguage":"ro-RO"}]}},"_links":{"self":[{"href":"https:\/\/evamedical.ro\/servicii\/wp-json\/wp\/v2\/product\/7084","targetHints":{"allow":["GET"]}}],"collection":[{"href":"https:\/\/evamedical.ro\/servicii\/wp-json\/wp\/v2\/product"}],"about":[{"href":"https:\/\/evamedical.ro\/servicii\/wp-json\/wp\/v2\/types\/product"}],"version-history":[{"count":1,"href":"https:\/\/evamedical.ro\/servicii\/wp-json\/wp\/v2\/product\/7084\/revisions"}],"predecessor-version":[{"id":9544,"href":"https:\/\/evamedical.ro\/servicii\/wp-json\/wp\/v2\/product\/7084\/revisions\/9544"}],"wp:featuredmedia":[{"embeddable":true,"href":"https:\/\/evamedical.ro\/servicii\/wp-json\/wp\/v2\/media\/7913"}],"wp:attachment":[{"href":"https:\/\/evamedical.ro\/servicii\/wp-json\/wp\/v2\/media?parent=7084"}],"wp:term":[{"taxonomy":"brand","embeddable":true,"href":"https:\/\/evamedical.ro\/servicii\/wp-json\/wp\/v2\/etheme_brands?post=7084"},{"taxonomy":"product_brand","embeddable":true,"href":"https:\/\/evamedical.ro\/servicii\/wp-json\/wp\/v2\/product_brand?post=7084"},{"taxonomy":"product_cat","embeddable":true,"href":"https:\/\/evamedical.ro\/servicii\/wp-json\/wp\/v2\/product_cat?post=7084"},{"taxonomy":"product_tag","embeddable":true,"href":"https:\/\/evamedical.ro\/servicii\/wp-json\/wp\/v2\/product_tag?post=7084"}],"curies":[{"name":"wp","href":"https:\/\/api.w.org\/{rel}","templated":true}]}}