{"id":5420,"date":"2022-12-04T15:37:41","date_gmt":"2022-12-04T13:37:41","guid":{"rendered":"https:\/\/evamedical.ro\/servicii\/?post_type=product&#038;p=5420"},"modified":"2023-06-29T19:24:33","modified_gmt":"2023-06-29T16:24:33","slug":"pachet-analize-obezitate","status":"publish","type":"product","link":"https:\/\/evamedical.ro\/servicii\/produs\/pachete-analize\/pachet-analize-obezitate\/","title":{"rendered":"Pachet analize obezitate"},"content":{"rendered":"\t\t<div data-elementor-type=\"wp-post\" data-elementor-id=\"5420\" class=\"elementor elementor-5420\" data-elementor-post-type=\"product\">\n\t\t\t\t\t\t<section class=\"has_eae_slider elementor-section elementor-top-section elementor-element elementor-element-7a90fea7 elementor-section-boxed elementor-section-height-default elementor-section-height-default\" data-eae-slider=\"35634\" data-id=\"7a90fea7\" data-element_type=\"section\">\n\t\t\t\t\t\t<div class=\"elementor-container elementor-column-gap-no\">\n\t\t\t\t\t<div class=\"has_eae_slider elementor-column elementor-col-100 elementor-top-column elementor-element elementor-element-cc53c9a\" data-eae-slider=\"21252\" data-id=\"cc53c9a\" data-element_type=\"column\">\n\t\t\t<div class=\"elementor-widget-wrap elementor-element-populated\">\n\t\t\t\t\t\t<div class=\"elementor-element elementor-element-f9b2101 elementor-widget elementor-widget-heading\" data-id=\"f9b2101\" data-element_type=\"widget\" data-widget_type=\"heading.default\">\n\t\t\t\t<div class=\"elementor-widget-container\">\n\t\t\t\t\t<p class=\"elementor-heading-title elementor-size-default\">\u00cen\u021belege \u0219i gestioneaz\u0103 obezitatea \u00eentr-un mod eficient \u0219i personalizat. Analizele incluse \u00een acest pachet \u00ee\u021bi ofer\u0103 informa\u021bii cruciale pentru a identifica factorii de risc \u0219i pentru a stabili strategii de control \u0219i pierdere \u00een greutate s\u0103n\u0103toas\u0103.<\/p>\t\t\t\t<\/div>\n\t\t\t\t<\/div>\n\t\t\t\t<div class=\"elementor-element elementor-element-0c17336 elementor-widget elementor-widget-image\" data-id=\"0c17336\" data-element_type=\"widget\" data-widget_type=\"image.default\">\n\t\t\t\t<div class=\"elementor-widget-container\">\n\t\t\t\t\t\t\t\t\t\t\t\t\t\t\t<img loading=\"lazy\" loading=\"lazy\" decoding=\"async\" width=\"522\" height=\"425\" src=\"https:\/\/evamedical.ro\/servicii\/wp-content\/uploads\/2022\/12\/Pachet-analize-obezitate.jpg\" class=\"attachment-full size-full wp-image-8785\" alt=\"\" srcset=\"https:\/\/evamedical.ro\/servicii\/wp-content\/uploads\/2022\/12\/Pachet-analize-obezitate.jpg 522w, https:\/\/evamedical.ro\/servicii\/wp-content\/uploads\/2022\/12\/Pachet-analize-obezitate-300x244.jpg 300w, https:\/\/evamedical.ro\/servicii\/wp-content\/uploads\/2022\/12\/Pachet-analize-obezitate-1x1.jpg 1w, https:\/\/evamedical.ro\/servicii\/wp-content\/uploads\/2022\/12\/Pachet-analize-obezitate-10x8.jpg 10w\" sizes=\"auto, (max-width: 522px) 100vw, 522px\" \/>\t\t\t\t\t\t\t\t\t\t\t\t\t\t\t<\/div>\n\t\t\t\t<\/div>\n\t\t\t\t\t<\/div>\n\t\t<\/div>\n\t\t\t\t\t<\/div>\n\t\t<\/section>\n\t\t\t\t<\/div>\n\t\t","protected":false},"excerpt":{"rendered":"<p>\u00cen\u021belege \u0219i gestioneaz\u0103 obezitatea \u00eentr-un mod eficient \u0219i personalizat. Analizele incluse \u00een acest pachet \u00ee\u021bi ofer\u0103 informa\u021bii&#8230;<\/p>\n","protected":false},"featured_media":7923,"template":"","meta":[],"etheme_brands":[],"product_brand":[],"product_cat":[221],"product_tag":[],"class_list":{"0":"post-5420","1":"product","2":"type-product","3":"status-publish","4":"has-post-thumbnail","6":"product_cat-pachete-analize","8":"first","9":"instock","10":"sold-individually","11":"purchasable","12":"product-type-simple"},"yoast_head":"<!-- This site is optimized with the Yoast SEO Premium plugin v18.9 (Yoast SEO v25.1) - https:\/\/yoast.com\/wordpress\/plugins\/seo\/ -->\n<title>Pachet analize obezitate - EVA Medical<\/title>\n<meta name=\"robots\" content=\"index, follow, max-snippet:-1, max-image-preview:large, max-video-preview:-1\" \/>\n<link rel=\"canonical\" href=\"https:\/\/evamedical.ro\/servicii\/produs\/pachete-analize\/pachet-analize-obezitate\/\" \/>\n<meta property=\"og:locale\" content=\"ro_RO\" \/>\n<meta property=\"og:type\" content=\"article\" \/>\n<meta property=\"og:title\" content=\"Pachet analize obezitate\" \/>\n<meta property=\"og:description\" content=\"\u00cen\u021belege \u0219i gestioneaz\u0103 obezitatea \u00eentr-un mod eficient \u0219i personalizat. Analizele incluse \u00een acest pachet \u00ee\u021bi ofer\u0103 informa\u021bii...\" \/>\n<meta property=\"og:url\" content=\"https:\/\/evamedical.ro\/servicii\/produs\/pachete-analize\/pachet-analize-obezitate\/\" \/>\n<meta property=\"og:site_name\" content=\"EVA Medical\" \/>\n<meta property=\"article:modified_time\" content=\"2023-06-29T16:24:33+00:00\" \/>\n<meta property=\"og:image\" content=\"https:\/\/evamedical.ro\/servicii\/wp-content\/uploads\/2023\/04\/set-analize-obezitate.jpg\" \/>\n\t<meta property=\"og:image:width\" content=\"1080\" \/>\n\t<meta property=\"og:image:height\" content=\"1080\" \/>\n\t<meta property=\"og:image:type\" content=\"image\/jpeg\" \/>\n<meta name=\"twitter:card\" content=\"summary_large_image\" \/>\n<meta name=\"twitter:label1\" content=\"Timp estimat pentru citire\" \/>\n\t<meta name=\"twitter:data1\" content=\"1 minut\" \/>\n<script type=\"application\/ld+json\" class=\"yoast-schema-graph\">{\"@context\":\"https:\/\/schema.org\",\"@graph\":[{\"@type\":\"WebPage\",\"@id\":\"https:\/\/evamedical.ro\/servicii\/produs\/pachete-analize\/pachet-analize-obezitate\/\",\"url\":\"https:\/\/evamedical.ro\/servicii\/produs\/pachete-analize\/pachet-analize-obezitate\/\",\"name\":\"Pachet analize obezitate - EVA Medical\",\"isPartOf\":{\"@id\":\"https:\/\/evamedical.ro\/servicii\/#website\"},\"primaryImageOfPage\":{\"@id\":\"https:\/\/evamedical.ro\/servicii\/produs\/pachete-analize\/pachet-analize-obezitate\/#primaryimage\"},\"image\":{\"@id\":\"https:\/\/evamedical.ro\/servicii\/produs\/pachete-analize\/pachet-analize-obezitate\/#primaryimage\"},\"thumbnailUrl\":\"https:\/\/evamedical.ro\/servicii\/wp-content\/uploads\/2023\/04\/set-analize-obezitate.jpg\",\"datePublished\":\"2022-12-04T13:37:41+00:00\",\"dateModified\":\"2023-06-29T16:24:33+00:00\",\"breadcrumb\":{\"@id\":\"https:\/\/evamedical.ro\/servicii\/produs\/pachete-analize\/pachet-analize-obezitate\/#breadcrumb\"},\"inLanguage\":\"ro-RO\",\"potentialAction\":[{\"@type\":\"ReadAction\",\"target\":[\"https:\/\/evamedical.ro\/servicii\/produs\/pachete-analize\/pachet-analize-obezitate\/\"]}]},{\"@type\":\"ImageObject\",\"inLanguage\":\"ro-RO\",\"@id\":\"https:\/\/evamedical.ro\/servicii\/produs\/pachete-analize\/pachet-analize-obezitate\/#primaryimage\",\"url\":\"https:\/\/evamedical.ro\/servicii\/wp-content\/uploads\/2023\/04\/set-analize-obezitate.jpg\",\"contentUrl\":\"https:\/\/evamedical.ro\/servicii\/wp-content\/uploads\/2023\/04\/set-analize-obezitate.jpg\",\"width\":1080,\"height\":1080},{\"@type\":\"BreadcrumbList\",\"@id\":\"https:\/\/evamedical.ro\/servicii\/produs\/pachete-analize\/pachet-analize-obezitate\/#breadcrumb\",\"itemListElement\":[{\"@type\":\"ListItem\",\"position\":1,\"name\":\"Acas\u0103\",\"item\":\"https:\/\/evamedical.ro\/servicii\/\"},{\"@type\":\"ListItem\",\"position\":2,\"name\":\"Analize de Laborator\",\"item\":\"https:\/\/evamedical.ro\/servicii\/analize-de-laborator\/\"},{\"@type\":\"ListItem\",\"position\":3,\"name\":\"Pachet analize obezitate\"}]},{\"@type\":\"WebSite\",\"@id\":\"https:\/\/evamedical.ro\/servicii\/#website\",\"url\":\"https:\/\/evamedical.ro\/servicii\/\",\"name\":\"EVA Medical\",\"description\":\"Clinica Medicala Bucuresti\",\"potentialAction\":[{\"@type\":\"SearchAction\",\"target\":{\"@type\":\"EntryPoint\",\"urlTemplate\":\"https:\/\/evamedical.ro\/servicii\/?s={search_term_string}\"},\"query-input\":{\"@type\":\"PropertyValueSpecification\",\"valueRequired\":true,\"valueName\":\"search_term_string\"}}],\"inLanguage\":\"ro-RO\"}]}<\/script>\n<!-- \/ Yoast SEO Premium plugin. -->","yoast_head_json":{"title":"Pachet analize obezitate - EVA Medical","robots":{"index":"index","follow":"follow","max-snippet":"max-snippet:-1","max-image-preview":"max-image-preview:large","max-video-preview":"max-video-preview:-1"},"canonical":"https:\/\/evamedical.ro\/servicii\/produs\/pachete-analize\/pachet-analize-obezitate\/","og_locale":"ro_RO","og_type":"article","og_title":"Pachet analize obezitate","og_description":"\u00cen\u021belege \u0219i gestioneaz\u0103 obezitatea \u00eentr-un mod eficient \u0219i personalizat. Analizele incluse \u00een acest pachet \u00ee\u021bi ofer\u0103 informa\u021bii...","og_url":"https:\/\/evamedical.ro\/servicii\/produs\/pachete-analize\/pachet-analize-obezitate\/","og_site_name":"EVA Medical","article_modified_time":"2023-06-29T16:24:33+00:00","og_image":[{"width":1080,"height":1080,"url":"https:\/\/evamedical.ro\/servicii\/wp-content\/uploads\/2023\/04\/set-analize-obezitate.jpg","type":"image\/jpeg"}],"twitter_card":"summary_large_image","twitter_misc":{"Timp estimat pentru citire":"1 minut"},"schema":{"@context":"https:\/\/schema.org","@graph":[{"@type":"WebPage","@id":"https:\/\/evamedical.ro\/servicii\/produs\/pachete-analize\/pachet-analize-obezitate\/","url":"https:\/\/evamedical.ro\/servicii\/produs\/pachete-analize\/pachet-analize-obezitate\/","name":"Pachet analize obezitate - EVA Medical","isPartOf":{"@id":"https:\/\/evamedical.ro\/servicii\/#website"},"primaryImageOfPage":{"@id":"https:\/\/evamedical.ro\/servicii\/produs\/pachete-analize\/pachet-analize-obezitate\/#primaryimage"},"image":{"@id":"https:\/\/evamedical.ro\/servicii\/produs\/pachete-analize\/pachet-analize-obezitate\/#primaryimage"},"thumbnailUrl":"https:\/\/evamedical.ro\/servicii\/wp-content\/uploads\/2023\/04\/set-analize-obezitate.jpg","datePublished":"2022-12-04T13:37:41+00:00","dateModified":"2023-06-29T16:24:33+00:00","breadcrumb":{"@id":"https:\/\/evamedical.ro\/servicii\/produs\/pachete-analize\/pachet-analize-obezitate\/#breadcrumb"},"inLanguage":"ro-RO","potentialAction":[{"@type":"ReadAction","target":["https:\/\/evamedical.ro\/servicii\/produs\/pachete-analize\/pachet-analize-obezitate\/"]}]},{"@type":"ImageObject","inLanguage":"ro-RO","@id":"https:\/\/evamedical.ro\/servicii\/produs\/pachete-analize\/pachet-analize-obezitate\/#primaryimage","url":"https:\/\/evamedical.ro\/servicii\/wp-content\/uploads\/2023\/04\/set-analize-obezitate.jpg","contentUrl":"https:\/\/evamedical.ro\/servicii\/wp-content\/uploads\/2023\/04\/set-analize-obezitate.jpg","width":1080,"height":1080},{"@type":"BreadcrumbList","@id":"https:\/\/evamedical.ro\/servicii\/produs\/pachete-analize\/pachet-analize-obezitate\/#breadcrumb","itemListElement":[{"@type":"ListItem","position":1,"name":"Acas\u0103","item":"https:\/\/evamedical.ro\/servicii\/"},{"@type":"ListItem","position":2,"name":"Analize de Laborator","item":"https:\/\/evamedical.ro\/servicii\/analize-de-laborator\/"},{"@type":"ListItem","position":3,"name":"Pachet analize obezitate"}]},{"@type":"WebSite","@id":"https:\/\/evamedical.ro\/servicii\/#website","url":"https:\/\/evamedical.ro\/servicii\/","name":"EVA Medical","description":"Clinica Medicala Bucuresti","potentialAction":[{"@type":"SearchAction","target":{"@type":"EntryPoint","urlTemplate":"https:\/\/evamedical.ro\/servicii\/?s={search_term_string}"},"query-input":{"@type":"PropertyValueSpecification","valueRequired":true,"valueName":"search_term_string"}}],"inLanguage":"ro-RO"}]}},"_links":{"self":[{"href":"https:\/\/evamedical.ro\/servicii\/wp-json\/wp\/v2\/product\/5420","targetHints":{"allow":["GET"]}}],"collection":[{"href":"https:\/\/evamedical.ro\/servicii\/wp-json\/wp\/v2\/product"}],"about":[{"href":"https:\/\/evamedical.ro\/servicii\/wp-json\/wp\/v2\/types\/product"}],"version-history":[{"count":0,"href":"https:\/\/evamedical.ro\/servicii\/wp-json\/wp\/v2\/product\/5420\/revisions"}],"wp:featuredmedia":[{"embeddable":true,"href":"https:\/\/evamedical.ro\/servicii\/wp-json\/wp\/v2\/media\/7923"}],"wp:attachment":[{"href":"https:\/\/evamedical.ro\/servicii\/wp-json\/wp\/v2\/media?parent=5420"}],"wp:term":[{"taxonomy":"brand","embeddable":true,"href":"https:\/\/evamedical.ro\/servicii\/wp-json\/wp\/v2\/etheme_brands?post=5420"},{"taxonomy":"product_brand","embeddable":true,"href":"https:\/\/evamedical.ro\/servicii\/wp-json\/wp\/v2\/product_brand?post=5420"},{"taxonomy":"product_cat","embeddable":true,"href":"https:\/\/evamedical.ro\/servicii\/wp-json\/wp\/v2\/product_cat?post=5420"},{"taxonomy":"product_tag","embeddable":true,"href":"https:\/\/evamedical.ro\/servicii\/wp-json\/wp\/v2\/product_tag?post=5420"}],"curies":[{"name":"wp","href":"https:\/\/api.w.org\/{rel}","templated":true}]}}