{"id":3,"date":"2022-09-19T09:07:22","date_gmt":"2022-09-19T09:07:22","guid":{"rendered":"https:\/\/evamedical.ro\/servicii\/?page_id=3"},"modified":"2023-01-31T00:55:31","modified_gmt":"2023-01-30T22:55:31","slug":"politica-de-confidentialitate","status":"publish","type":"page","link":"https:\/\/evamedical.ro\/servicii\/politica-de-confidentialitate\/","title":{"rendered":"Politica de confiden\u021bialitate"},"content":{"rendered":"<p>Prelucrarea datelor cu caracter personal<\/p><h4 class=\"wp-block-heading\" id=\"h-termenii-\u0219i-condi\u021biile-generale-privind-prelucrarea-datele-cu-caracter-personal\"><strong>Termenii \u0219i condi\u021biile generale privind prelucrarea datele cu caracter personal<\/strong><\/h4><p><strong>SC MEDICAL EVA SRL<\/strong>&nbsp;prelucreaz\u0103 datele cu caracter personal ale Utilizatorilor, prelucrarea efectu\u00e2ndu-se cu respectarea legisla\u021biei \u00een vigoare, confiden\u021bialitatea datelor cu caracter personal \u0219i dreptul la via\u021b\u0103 private fiind garantate.<\/p><p><strong>Prelucrarea datelor cu caracter personal<\/strong>&nbsp;\u00een scopul \u00eencheierii \u0219i execut\u0103rii Contractului. Datele cu caracter personal furnizate de Utilizator, vor fi prelucrate \u00een scopul execut\u0103rii prezentului Contract, respectiv pentru prestarea Serviciilor, facturare \u0219i \u00eencasarea valorii Serviciilor, rela\u021b\u00eei cu clien\u021bii, verificarea \u0219i recuperarea debitelor, orice alte prelucr\u0103ri necesare pentru bun\u0103 desf\u0103\u0219urare a rela\u021biei contractuale.<\/p><p><strong>Datele cu caracter personal<\/strong>&nbsp;furnizate de Utilizator vor fi dezv\u0103luite persoanelor juridice, autorit\u0103\u021bilor \u0219i institu\u021biilor publice abilitate, la solicitarea acestora, \u00een conformitate cu dispozi\u021biile legale.<\/p><p><strong>Prelucrarea datelor cu caracter personal \u00een scop promo\u021bional (marketing)<\/strong>. Datele cu caracter personal furnizate, dar \u0219i alte informa\u021b\u00eei furnizate de Beneficiar, prin prezentul contract (cum ar fi: adresa de e-mail, nr. fax, nr. mobil, nr. telefon fix ) vor putea fi prelucrate de SC MEDICAL EVA SRL cu respectarea drepturilor Utilizatorilor, \u00een special a dreptului de informare \u0219i opozi\u021bie, \u00een urm\u0103toarele scopuri:<br>\u2013 remarketing \u0219i urm\u0103rirea utilizatorilor<br>\u2013 efectuarea de comunic\u0103ri comerciale<br>\u2013 comunicarea privind statusul serviciilor prestate la solicitarea clientului sau c\u00e2nd este considerat\u0103 o necesitate (de ex \u00een cazul unei probleme tehnice sau neautorizate) pentru produsele \u0219i serviciile&nbsp;<strong>SC MEDICAL EVA SRL<\/strong>.<\/p><p><strong>Prelucrarea datelor cu caracter personal cu func\u021bie de identificare general\u0103.<\/strong>&nbsp;Datele personale cu func\u021bie de identificare sunt necesare pentru corect\u0103 identificare a clientului\/imputernicitului \u00een sistemele de prelucrare ale&nbsp;<strong>SC MEDICAL EVA SRL<\/strong>, pentru realizarea opera\u021biunilor de facturare, respectiv cele care sunt necesare sau \u00een leg\u0103tur\u0103 cu executarea Contractului.<\/p><h4 class=\"wp-block-heading\" id=\"h-drepturile-utilizatorului-cu-privire-la-prelucrarea-datelor-cu-caracter-personal-furnizate\">Drepturile Utilizatorului cu privire la prelucrarea datelor cu caracter personal furnizate.<\/h4><p><strong>Utilizatorul are urm\u0103toarele drepturi privind datele cu caracter personal furnizate:<\/strong><\/p><p>\u2013 dreptul la informare \u0219i acces;<br>\u2013 dreptul de interven\u021bie asupra datelor;<br>\u2013 dreptul la rectificare;<br>\u2013 dreptul la \u0219tergerea datelor;<br>\u2013 dreptul la restric\u021bionarea prelucr\u0103rii;<br>\u2013 dreptul la portabilitatea datelor;<br>\u2013 dreptul de opozi\u021bie \u0219i procesul decizitional individual automatizat, inclusiv crearea de profiluri;<br>\u2013 dreptul de a depune o pl\u00e2ngere \u00een f\u0103\u021ba autorit\u0103\u0306\u021b\u00eei de supraveghere&nbsp;<strong>ANSPDCP<\/strong>&nbsp;\u2013 Autoritatea Na\u021bional\u0103 de Supraveghere a Prelucr\u0103rii Datelor cu Caracter Personal.<\/p><p>Pentru exercitarea acestor drepturi, Utilizatorul va \u00eenainta c\u0103tre&nbsp;<strong>SC MEDICAL EVA SRL<\/strong>&nbsp;o cerere scris\u0103, datat\u0103 \u0219i semnat\u0103, \u00een aten\u021bia responsabilului cu&nbsp;<strong>protec\u021bia datelor cu caracter personal<\/strong>, la num\u0103rul de telefon&nbsp;<strong>+40 727 727 117<\/strong>&nbsp;sau la adresa de email&nbsp;<a href=\"mailto:office@www.evamedical.ro\">office@www.evamedical.ro<\/a><\/p>","protected":false},"excerpt":{"rendered":"<p>Prelucrarea datelor cu caracter personal Termenii \u0219i condi\u021biile generale privind prelucrarea datele cu caracter personal SC MEDICAL&#8230;<\/p>\n","protected":false},"author":1,"featured_media":0,"parent":0,"menu_order":0,"comment_status":"closed","ping_status":"open","template":"","meta":{"footnotes":""},"class_list":["post-3","page","type-page","status-publish","hentry"],"yoast_head":"<!-- This site is optimized with the Yoast SEO Premium plugin v18.9 (Yoast SEO v25.1) - https:\/\/yoast.com\/wordpress\/plugins\/seo\/ -->\n<title>Politica de confiden\u021bialitate - EVA Medical<\/title>\n<meta name=\"robots\" content=\"index, follow, max-snippet:-1, max-image-preview:large, max-video-preview:-1\" \/>\n<link rel=\"canonical\" href=\"https:\/\/evamedical.ro\/servicii\/politica-de-confidentialitate\/\" \/>\n<meta property=\"og:locale\" content=\"ro_RO\" \/>\n<meta property=\"og:type\" content=\"article\" \/>\n<meta property=\"og:title\" content=\"Politica de confiden\u021bialitate\" \/>\n<meta property=\"og:description\" content=\"Prelucrarea datelor cu caracter personal Termenii \u0219i condi\u021biile generale privind prelucrarea datele cu caracter personal SC MEDICAL...\" \/>\n<meta property=\"og:url\" content=\"https:\/\/evamedical.ro\/servicii\/politica-de-confidentialitate\/\" \/>\n<meta property=\"og:site_name\" content=\"EVA Medical\" \/>\n<meta property=\"article:modified_time\" content=\"2023-01-30T22:55:31+00:00\" \/>\n<meta name=\"twitter:card\" content=\"summary_large_image\" \/>\n<meta name=\"twitter:label1\" content=\"Timp estimat pentru citire\" \/>\n\t<meta name=\"twitter:data1\" content=\"3 minute\" \/>\n<script type=\"application\/ld+json\" class=\"yoast-schema-graph\">{\"@context\":\"https:\/\/schema.org\",\"@graph\":[{\"@type\":\"WebPage\",\"@id\":\"https:\/\/evamedical.ro\/servicii\/politica-de-confidentialitate\/\",\"url\":\"https:\/\/evamedical.ro\/servicii\/politica-de-confidentialitate\/\",\"name\":\"Politica de confiden\u021bialitate - EVA Medical\",\"isPartOf\":{\"@id\":\"https:\/\/evamedical.ro\/servicii\/#website\"},\"datePublished\":\"2022-09-19T09:07:22+00:00\",\"dateModified\":\"2023-01-30T22:55:31+00:00\",\"breadcrumb\":{\"@id\":\"https:\/\/evamedical.ro\/servicii\/politica-de-confidentialitate\/#breadcrumb\"},\"inLanguage\":\"ro-RO\",\"potentialAction\":[{\"@type\":\"ReadAction\",\"target\":[\"https:\/\/evamedical.ro\/servicii\/politica-de-confidentialitate\/\"]}]},{\"@type\":\"BreadcrumbList\",\"@id\":\"https:\/\/evamedical.ro\/servicii\/politica-de-confidentialitate\/#breadcrumb\",\"itemListElement\":[{\"@type\":\"ListItem\",\"position\":1,\"name\":\"Acas\u0103\",\"item\":\"https:\/\/evamedical.ro\/servicii\/\"},{\"@type\":\"ListItem\",\"position\":2,\"name\":\"Politica de confiden\u021bialitate\"}]},{\"@type\":\"WebSite\",\"@id\":\"https:\/\/evamedical.ro\/servicii\/#website\",\"url\":\"https:\/\/evamedical.ro\/servicii\/\",\"name\":\"EVA Medical\",\"description\":\"Clinica Medicala Bucuresti\",\"potentialAction\":[{\"@type\":\"SearchAction\",\"target\":{\"@type\":\"EntryPoint\",\"urlTemplate\":\"https:\/\/evamedical.ro\/servicii\/?s={search_term_string}\"},\"query-input\":{\"@type\":\"PropertyValueSpecification\",\"valueRequired\":true,\"valueName\":\"search_term_string\"}}],\"inLanguage\":\"ro-RO\"}]}<\/script>\n<!-- \/ Yoast SEO Premium plugin. -->","yoast_head_json":{"title":"Politica de confiden\u021bialitate - EVA Medical","robots":{"index":"index","follow":"follow","max-snippet":"max-snippet:-1","max-image-preview":"max-image-preview:large","max-video-preview":"max-video-preview:-1"},"canonical":"https:\/\/evamedical.ro\/servicii\/politica-de-confidentialitate\/","og_locale":"ro_RO","og_type":"article","og_title":"Politica de confiden\u021bialitate","og_description":"Prelucrarea datelor cu caracter personal Termenii \u0219i condi\u021biile generale privind prelucrarea datele cu caracter personal SC MEDICAL...","og_url":"https:\/\/evamedical.ro\/servicii\/politica-de-confidentialitate\/","og_site_name":"EVA Medical","article_modified_time":"2023-01-30T22:55:31+00:00","twitter_card":"summary_large_image","twitter_misc":{"Timp estimat pentru citire":"3 minute"},"schema":{"@context":"https:\/\/schema.org","@graph":[{"@type":"WebPage","@id":"https:\/\/evamedical.ro\/servicii\/politica-de-confidentialitate\/","url":"https:\/\/evamedical.ro\/servicii\/politica-de-confidentialitate\/","name":"Politica de confiden\u021bialitate - EVA Medical","isPartOf":{"@id":"https:\/\/evamedical.ro\/servicii\/#website"},"datePublished":"2022-09-19T09:07:22+00:00","dateModified":"2023-01-30T22:55:31+00:00","breadcrumb":{"@id":"https:\/\/evamedical.ro\/servicii\/politica-de-confidentialitate\/#breadcrumb"},"inLanguage":"ro-RO","potentialAction":[{"@type":"ReadAction","target":["https:\/\/evamedical.ro\/servicii\/politica-de-confidentialitate\/"]}]},{"@type":"BreadcrumbList","@id":"https:\/\/evamedical.ro\/servicii\/politica-de-confidentialitate\/#breadcrumb","itemListElement":[{"@type":"ListItem","position":1,"name":"Acas\u0103","item":"https:\/\/evamedical.ro\/servicii\/"},{"@type":"ListItem","position":2,"name":"Politica de confiden\u021bialitate"}]},{"@type":"WebSite","@id":"https:\/\/evamedical.ro\/servicii\/#website","url":"https:\/\/evamedical.ro\/servicii\/","name":"EVA Medical","description":"Clinica Medicala Bucuresti","potentialAction":[{"@type":"SearchAction","target":{"@type":"EntryPoint","urlTemplate":"https:\/\/evamedical.ro\/servicii\/?s={search_term_string}"},"query-input":{"@type":"PropertyValueSpecification","valueRequired":true,"valueName":"search_term_string"}}],"inLanguage":"ro-RO"}]}},"_links":{"self":[{"href":"https:\/\/evamedical.ro\/servicii\/wp-json\/wp\/v2\/pages\/3","targetHints":{"allow":["GET"]}}],"collection":[{"href":"https:\/\/evamedical.ro\/servicii\/wp-json\/wp\/v2\/pages"}],"about":[{"href":"https:\/\/evamedical.ro\/servicii\/wp-json\/wp\/v2\/types\/page"}],"author":[{"embeddable":true,"href":"https:\/\/evamedical.ro\/servicii\/wp-json\/wp\/v2\/users\/1"}],"replies":[{"embeddable":true,"href":"https:\/\/evamedical.ro\/servicii\/wp-json\/wp\/v2\/comments?post=3"}],"version-history":[{"count":0,"href":"https:\/\/evamedical.ro\/servicii\/wp-json\/wp\/v2\/pages\/3\/revisions"}],"wp:attachment":[{"href":"https:\/\/evamedical.ro\/servicii\/wp-json\/wp\/v2\/media?parent=3"}],"curies":[{"name":"wp","href":"https:\/\/api.w.org\/{rel}","templated":true}]}}